{"id":1052,"date":"2022-09-14T06:49:03","date_gmt":"2022-09-14T06:49:03","guid":{"rendered":"http:\/\/localhost\/app_new_uistin\/?page_id=1052"},"modified":"2023-02-03T05:17:58","modified_gmt":"2023-02-03T05:17:58","slug":"tietosuojaseloste","status":"publish","type":"page","link":"https:\/\/app.uistin.io\/0002\/tietosuojaseloste\/","title":{"rendered":"Tietosuojaseloste"},"content":{"rendered":"<div><\/div>\n<div class=\"public_site_colors\">T\u00e4m\u00e4 on henkil\u00f6tietolain (523\/1999) 10 \u00a7:n ja 24 \u00a7:n sek\u00e4 EU:n yleisen tietosuoja-asetuksen (679\/2016) 12 ja 13 artiklan mukainen yhdistetty rekisteriseloste ja tietosuojaseloste yrityksen asiakkaille, potentiaalisille asiakkaille sek\u00e4 verkkosivuston k\u00e4ytt\u00e4jille.<\/div>\n<ol>\n<li>\n<h3>Rekisterinpit\u00e4j\u00e4<\/h3>\n<\/li>\n<\/ol>\n<p><strong>Yritys<\/strong><br \/>\nTUTO Hockey Oy<br \/>\nKarjakatu 37<br \/>\n20520 TURKU<br \/>\n050 323 1467<\/p>\n<p><strong>Yhteyshenkil\u00f6<\/strong><br \/>\nDani Aavinen<br \/>\nKarjakatu 37<br \/>\n20520 Turku<br \/>\n040 519 7688<br \/>\ndani.aavinen@tutohockey.fi<\/p>\n<ol start=\"2\">\n<li>\n<h3>Rekister\u00f6idyt<\/h3>\n<\/li>\n<\/ol>\n<p>Asiakkaat<br \/>\nPotentiaaliset asiakkaat<br \/>\nVerkkosivuston k\u00e4ytt\u00e4j\u00e4t<\/p>\n<ol start=\"3\">\n<li>\n<h3>Henkil\u00f6tietojen k\u00e4sittelyn peruste<\/h3>\n<\/li>\n<\/ol>\n<p><strong>Asiakkaat<br \/>\n<\/strong>Rekisterinpit\u00e4j\u00e4n oikeutettu etu<\/p>\n<p><strong>Potentiaaliset asiakkaat ja verkkosivuston k\u00e4ytt\u00e4j\u00e4t<br \/>\n<\/strong>Rekisterinpit\u00e4j\u00e4n oikeutettu etu\/henkil\u00f6n suostumus<\/p>\n<p><strong>Verkkosivuston kautta tulevat yhteydenottopyynn\u00f6t ja uutiskirjetilaukset<br \/>\n<\/strong>Henkil\u00f6n suostumus<\/p>\n<ol start=\"4\">\n<li>\n<h3>Rekisterin tietosis\u00e4lt\u00f6<\/h3>\n<\/li>\n<\/ol>\n<p>Rekisteriin voidaan tallentaa seuraavia tietoja: nimi, puhelinnumero, s\u00e4hk\u00f6postiosoite, yritys\/organisaatio, Y-tunnus, osoite, laskutustiedot, rooli\/titteli, tiedot tilatuista palveluista ja niiden muutoksista ja IP-osoite.<\/p>\n<p>Henkil\u00f6tietojen k\u00e4sittelyn tarkoitus on yhteydenpito asiakkaisiin, asiakassuhteen yll\u00e4pito ja markkinointi.<\/p>\n<ol start=\"5\">\n<li>\n<h3>S\u00e4\u00e4nn\u00f6nmukaiset tiedonl\u00e4hteet<\/h3>\n<\/li>\n<\/ol>\n<p>Rekisteriin tallennettavat tiedot saadaan asiakkaalta mm. www-lomakkeilla l\u00e4hetetyist\u00e4 viesteist\u00e4, s\u00e4hk\u00f6postitse, puhelimitse, sosiaalisen median palvelujen kautta, sopimuksista, asiakastapaamisista ja muista tilanteista, joissa asiakas luovuttaa tietojaan.<\/p>\n<ol start=\"6\">\n<li>\n<h3>Tietojen luovutukset<\/h3>\n<\/li>\n<\/ol>\n<p>Olemme varmistaneet, ett\u00e4 palveluntarjoajamme noudattavat tietosuojalains\u00e4\u00e4d\u00e4nt\u00f6\u00e4. K\u00e4yt\u00e4mme s\u00e4\u00e4nn\u00f6nmukaisesti seuraavia palveluntarjoajia:<\/p>\n<p>S\u00e4hk\u00f6postimarkkinointity\u00f6kalut<br \/>\nSMSmarkkinointity\u00f6kalut (Message Bird)<br \/>\nMicrosoft<br \/>\nGoogle<br \/>\nFacebookin mainosty\u00f6kalut<\/p>\n<p>Tietoja voidaan julkaista silt\u00e4 osin kuin niin on sovittu asiakkaan kanssa.<\/p>\n<p>Tietoja voidaan siirt\u00e4\u00e4 rekisterinpit\u00e4j\u00e4n toimesta my\u00f6s EU:n tai ETA:n ulkopuolelle.<\/p>\n<ol start=\"7\">\n<li>\n<h3>Rekisterin suojausperiaatteet<\/h3>\n<\/li>\n<\/ol>\n<p>Henkil\u00f6tietojesi turvallinen k\u00e4sittely on meille t\u00e4rke\u00e4\u00e4. Rekisterin k\u00e4sittelyss\u00e4 noudatetaan huolellisuutta ja tietoj\u00e4rjestelmien avulla k\u00e4sitelt\u00e4v\u00e4t tiedot suojataan asianmukaisesti. Kun rekisteritietoja s\u00e4ilytet\u00e4\u00e4n Internet-palvelimilla, niiden laitteiston fyysisest\u00e4 ja digitaalisesta tietoturvasta huolehditaan asiaankuuluvasti. Rekisterinpit\u00e4j\u00e4 huolehtii siit\u00e4, ett\u00e4 tallennettuja tietoja sek\u00e4 palvelimien k\u00e4ytt\u00f6oikeuksia ja muita henkil\u00f6tietojen turvallisuuden kannalta kriittisi\u00e4 tietoja k\u00e4sitell\u00e4\u00e4n luottamuksellisesti ja vain niiden ty\u00f6ntekij\u00f6iden toimesta, joiden ty\u00f6nkuvaan se kuuluu.<\/p>\n<ol start=\"8\">\n<li>\n<h3>Oikeudet<\/h3>\n<\/li>\n<\/ol>\n<p>Jokaisella rekisteriss\u00e4 olevalla henkil\u00f6ll\u00e4 on oikeus tarkistaa rekisteriin tallennetut tietonsa ja vaatia mahdollisen virheellisen tiedon korjaamista tai puutteellisen tiedon t\u00e4ydent\u00e4mist\u00e4. Mik\u00e4li henkil\u00f6 haluaa tarkistaa h\u00e4nest\u00e4 tallennetut tiedot tai vaatia niihin oikaisua, pyynt\u00f6 tulee l\u00e4hett\u00e4\u00e4 kirjallisesti rekisterinpit\u00e4j\u00e4lle. Rekisterinpit\u00e4j\u00e4 voi pyyt\u00e4\u00e4 tarvittaessa pyynn\u00f6n esitt\u00e4j\u00e4\u00e4 todistamaan henkil\u00f6llisyytens\u00e4. Rekisterinpit\u00e4j\u00e4 vastaa asiakkaalle EU:n tietosuoja-asetuksessa s\u00e4\u00e4detyss\u00e4 ajassa (p\u00e4\u00e4s\u00e4\u00e4nt\u00f6isesti kuukauden kuluessa).<\/p>\n<p>Rekisteriss\u00e4 olevalla henkil\u00f6ll\u00e4 on oikeus pyyt\u00e4\u00e4 h\u00e4nt\u00e4 koskevien henkil\u00f6tietojen poistamiseen rekisterist\u00e4 (\u201doikeus tulla unohdetuksi\u201d). Niin ik\u00e4\u00e4n rekister\u00f6idyill\u00e4 on muut EU:n yleisen tietosuoja-asetuksen mukaiset oikeudet kuten henkil\u00f6tietojen k\u00e4sittelyn rajoittaminen tietyiss\u00e4 tilanteissa. Pyynn\u00f6t tulee l\u00e4hett\u00e4\u00e4 kirjallisesti rekisterinpit\u00e4j\u00e4lle. Rekisterinpit\u00e4j\u00e4 voi pyyt\u00e4\u00e4 tarvittaessa pyynn\u00f6n esitt\u00e4j\u00e4\u00e4 todistamaan henkil\u00f6llisyytens\u00e4. Rekisterinpit\u00e4j\u00e4 vastaa asiakkaalle EU:n tietosuoja-asetuksessa s\u00e4\u00e4detyss\u00e4 ajassa (p\u00e4\u00e4s\u00e4\u00e4nt\u00f6isesti kuukauden kuluessa).<\/p>\n<ol start=\"9\">\n<li>\n<h3>Ev\u00e4steet<\/h3>\n<\/li>\n<\/ol>\n<p>T\u00e4m\u00e4 sivusto k\u00e4ytt\u00e4\u00e4 ev\u00e4steit\u00e4. Sivusto l\u00e4hett\u00e4\u00e4 selaimelle ev\u00e4steen \u2013 pienen tekstitiedoston, joka tallentuu tietokoneen kovalevylle. K\u00e4yt\u00f6ss\u00e4 on sek\u00e4 v\u00e4liaikaisia istuntotunnus-ev\u00e4steit\u00e4, jotka sulkeutuvat, kun suljet Internet-selaimen, ett\u00e4 pysyvi\u00e4 ev\u00e4steit\u00e4, jotka tallentuvat tietokoneen kovalevylle. Ev\u00e4steiden avulla voimme tunnistaa selaimesi ja k\u00e4ytt\u00e4\u00e4 n\u00e4in saamaamme tietoa esimerkiksi sivustollamme vierailevien selaimien laskemiseen sek\u00e4 sivustomme k\u00e4yt\u00f6n analysointiin, kuten tilastolliseen seurantaan. Ne antavat meille my\u00f6s mahdollisuuden tarkastella ja seurata k\u00e4ytt\u00e4jiemme mielenkiinnon kohteita ja kehitt\u00e4\u00e4 siten verkkosivujamme. Kaikki ker\u00e4tty tieto on nimet\u00f6nt\u00e4, eik\u00e4 verkossa suoritettuja toimintoja voida sen avulla liitt\u00e4\u00e4 tiettyyn henkil\u00f6\u00f6n.<\/p>\n<p>Useimmat Internet-selaimet hyv\u00e4ksyv\u00e4t ev\u00e4steet automaattisesti, mutta halutessasi voit muokata selaimesi asetuksia ja milloin tahansa poistaa ev\u00e4steet k\u00e4yt\u00f6st\u00e4. Voit v\u00e4ltt\u00e4\u00e4 ev\u00e4steet muokkaamalla selainohjelmasi asetuksia ja kielt\u00e4m\u00e4ll\u00e4 niiden k\u00e4yt\u00f6n.<\/p>\n<p>Mainontaev\u00e4steet auttavat meit\u00e4 valitsemaan sinulle parhaiten sopivat ja mielenkiintoisimmat mainokset. Ne my\u00f6s est\u00e4v\u00e4t samojen mainoksien n\u00e4yt\u00f6n. Jotkut kolmannen osapuolen toimittajat saattavat my\u00f6s k\u00e4ytt\u00e4\u00e4 ev\u00e4steit\u00e4 tai verkkoj\u00e4ljitteit\u00e4, jotta n\u00e4et mieleisi\u00e4si mainoksia, kun vierailet eri sivustoilla. Ev\u00e4steiden ja verkkoj\u00e4ljitteiden avulla ker\u00e4tyt tiedot eiv\u00e4t kerro meille tai kolmansille osapuolille mit\u00e4\u00e4n henkil\u00f6kohtaisia tietoja, kuten nime\u00e4si tai yhteystietojasi.<\/p>\n<p>Kolmantena osapuolena toimivat mainostajat saattavat my\u00f6s k\u00e4ytt\u00e4\u00e4 tekniikkaa, jolla mitataan mainosten tehoa. T\u00e4t\u00e4 varten he voivat k\u00e4ytt\u00e4\u00e4 j\u00e4ljitett\u00e4, joka on sijoitettu verkkosivustollemme nimett\u00f6mien tietojen ker\u00e4\u00e4miseksi. Saatuaan nimet\u00f6nt\u00e4 tietoa k\u00e4ytt\u00e4j\u00e4n k\u00e4ynneist\u00e4 n\u00e4ill\u00e4 ja muilla verkkosivuilla mainostajat voivat suunnitella mainoksia tuotteista ja palveluista, jotka mahdollisesti kiinnostavat k\u00e4ytt\u00e4j\u00e4\u00e4.<\/p>\n<p>T\u00e4ll\u00e4 sivustolla on k\u00e4yt\u00f6ss\u00e4 Google Adwords ja Facebook Pixel -ev\u00e4steet, joilla kohdennetaan markkinointia k\u00e4ytt\u00e4j\u00e4luettelon avulla Googlen ja Facebookin mainosverkostoissa. K\u00e4ytt\u00e4j\u00e4 ei ole tunnistettavissa ev\u00e4steeseen liitett\u00e4vien tietojen perusteella. K\u00e4ytt\u00e4j\u00e4 voi halutessaan est\u00e4\u00e4 k\u00e4ytt\u00e4j\u00e4luetteloihin perustuvan Google Adwords-markkinoinnin <a href=\"http:\/\/www.google.com\/settings\/ads\"><strong>t\u00e4\u00e4lt\u00e4.<\/strong><\/a> \u00a0Omia Facebookin mainosasetuksia voi muokata<a href=\"http:\/\/www.facebook.com\/ads\/preferences\/\"><strong> t\u00e4\u00e4lt\u00e4.<\/strong><\/a><\/p>\n<p>&nbsp;<\/p>\n<div class=\"row\">\n<div class=\"col-sm-12 col-md-12\">\n<div class=\"normal_page_title\">\n<div class=\"sub_heading\">S\u00e4\u00e4nn\u00f6t<\/div>\n<\/div>\n<\/div>\n<\/div>\n<article id=\"post-2142\" class=\"post-2142 page type-page status-publish hentry\">\n<div class=\"entry-content\">\n<div class=\"public_site_colors\">N\u00e4iden s\u00e4\u00e4nt\u00f6jen lukeminen ja hyv\u00e4ksyminen ovat edellytys kampanjaan osallistumiselle. Kampanjan toteuttaa YRITYS (j\u00e4ljemp\u00e4n\u00e4 \u201ckampanjan j\u00e4rjest\u00e4j\u00e4\u201d).<\/div>\n<ol>\n<li>Kampanjaan voi osallistua kuka tahansa. Kampanjaan osallistuminen ei edellyt\u00e4 mink\u00e4\u00e4n tuotteen tai palvelun ostamista.<\/li>\n<li>Kukin henkil\u00f6 voi osallistua kampanjaan vain kerran. Saman henkil\u00f6n useammat osallistumiset poistetaan. Osallistujan tulee ilmoittaa kaikki osallistumislomakkeessa pyydetyt pakolliset tiedot.<\/li>\n<li>Kampanjan suorittaa kampanjan j\u00e4rjest\u00e4j\u00e4, tai kampanjan j\u00e4rjest\u00e4j\u00e4n yhteisty\u00f6kumppani. Kampanjan j\u00e4rjest\u00e4j\u00e4 vastaa kaikista kampanjaan liittyvist\u00e4 kuluista.<\/li>\n<li>Kampanjan etuja, tai palkintoja ei voi muuttaa rahaksi. Eduista tai palkinnoista ei my\u00f6sk\u00e4\u00e4n palauteta rahaa.\u00a0 Kampanjan j\u00e4rjest\u00e4j\u00e4 pid\u00e4tt\u00e4\u00e4 oikeuden vaihtaa ilmoitetut palkinnot ja edut toisiin vastaavan arvoiseen.<\/li>\n<li>Kampanjan j\u00e4rjest\u00e4j\u00e4 varaa oikeuden muuttaa s\u00e4\u00e4nt\u00f6j\u00e4 tai tarvittaessa keskeytt\u00e4\u00e4 kampanja perustelluista syist\u00e4. Kampanjan j\u00e4rjest\u00e4j\u00e4 pid\u00e4tt\u00e4\u00e4 oikeuden poistaa s\u00e4\u00e4nt\u00f6jen vastainen kampanjaan osallistuminen ilman erillist\u00e4 selityst\u00e4. S\u00e4\u00e4nt\u00f6jen soveltamiseen ja tulkintaan liittyv\u00e4t mahdolliset ep\u00e4selvyydet ratkaisee kampanjan j\u00e4rjest\u00e4j\u00e4.<\/li>\n<li>Kampanjan j\u00e4rjest\u00e4j\u00e4 ei vastaa mahdollisista kampanjaan vaikuttavista teknisist\u00e4 ongelmista tai muista olosuhteista.<\/li>\n<li>Kampanjan j\u00e4rjest\u00e4j\u00e4n ty\u00f6ntekij\u00e4t eiv\u00e4t voi osallistua kampanjaan.<\/li>\n<li>N\u00e4iden s\u00e4\u00e4nt\u00f6jen lukeminen ja hyv\u00e4ksyminen ovat edellytys kampanjaan osallistumiselle.<\/li>\n<\/ol>\n<\/div>\n<\/article>\n<p>&nbsp;<\/p>\n","protected":false},"excerpt":{"rendered":"<p>T\u00e4m\u00e4 on henkil\u00f6tietolain (523\/1999) 10 \u00a7:n ja 24 \u00a7:n sek\u00e4 EU:n yleisen tietosuoja-asetuksen (679\/2016) 12 ja 13 artiklan mukainen yhdistetty rekisteriseloste ja tietosuojaseloste yrityksen asiakkaille, potentiaalisille asiakkaille sek\u00e4 verkkosivuston k\u00e4ytt\u00e4jille. Rekisterinpit\u00e4j\u00e4 Yritys TUTO Hockey Oy Karjakatu 37 20520 TURKU 050 323 1467 Yhteyshenkil\u00f6 Dani Aavinen Karjakatu 37 20520 Turku 040 519 7688 dani.aavinen@tutohockey.fi Rekister\u00f6idyt Asiakkaat [&hellip;]<\/p>\n","protected":false},"author":2,"featured_media":0,"parent":0,"menu_order":0,"comment_status":"closed","ping_status":"closed","template":"","meta":{"footnotes":""},"class_list":["post-1052","page","type-page","status-publish","hentry"],"acf":[],"_links":{"self":[{"href":"https:\/\/app.uistin.io\/0002\/wp-json\/wp\/v2\/pages\/1052","targetHints":{"allow":["GET"]}}],"collection":[{"href":"https:\/\/app.uistin.io\/0002\/wp-json\/wp\/v2\/pages"}],"about":[{"href":"https:\/\/app.uistin.io\/0002\/wp-json\/wp\/v2\/types\/page"}],"author":[{"embeddable":true,"href":"https:\/\/app.uistin.io\/0002\/wp-json\/wp\/v2\/users\/2"}],"replies":[{"embeddable":true,"href":"https:\/\/app.uistin.io\/0002\/wp-json\/wp\/v2\/comments?post=1052"}],"version-history":[{"count":1,"href":"https:\/\/app.uistin.io\/0002\/wp-json\/wp\/v2\/pages\/1052\/revisions"}],"predecessor-version":[{"id":1435,"href":"https:\/\/app.uistin.io\/0002\/wp-json\/wp\/v2\/pages\/1052\/revisions\/1435"}],"wp:attachment":[{"href":"https:\/\/app.uistin.io\/0002\/wp-json\/wp\/v2\/media?parent=1052"}],"curies":[{"name":"wp","href":"https:\/\/api.w.org\/{rel}","templated":true}]}}